{"id":20,"date":"2022-03-26T17:22:14","date_gmt":"2022-03-26T16:22:14","guid":{"rendered":"http:\/\/192.168.178.55\/?page_id=20"},"modified":"2022-03-26T21:23:14","modified_gmt":"2022-03-26T20:23:14","slug":"downloads","status":"publish","type":"page","link":"http:\/\/judoteam-erolzheim.de\/index.php\/downloads\/","title":{"rendered":"Downloads"},"content":{"rendered":"\n<p><a href=\"http:\/\/judoteam-erolzheim.de\/wp-content\/uploads\/2022\/03\/04_Mitgliedsantrag-Judo-2017-07-12.pdf\" data-type=\"URL\" data-id=\"http:\/\/judoteam-erolzheim.de\/wp-content\/uploads\/2022\/03\/04_Mitgliedsantrag-Judo-2017-07-12.pdf\" target=\"_blank\" rel=\"noreferrer noopener\">Beitrittserkl\u00e4rung Abt. Judo<\/a><\/p>\n\n\n\n<p><a rel=\"noreferrer noopener\" href=\"http:\/\/judoteam-erolzheim.de\/wp-content\/uploads\/2022\/03\/03_Beitritt-SVE-2021.pdf\" data-type=\"URL\" data-id=\"http:\/\/judoteam-erolzheim.de\/wp-content\/uploads\/2022\/03\/03_Beitritt-SVE-2021.pdf\" target=\"_blank\">Beitrittserkl\u00e4rung SV Erolzheim<\/a><\/p>\n\n\n\n<p><a href=\"http:\/\/judoteam-erolzheim.de\/wp-content\/uploads\/2022\/03\/05_Einwilligung-Veroeffentlichung-Personenbildnissen2018.pdf\" data-type=\"URL\" data-id=\"http:\/\/judoteam-erolzheim.de\/wp-content\/uploads\/2022\/03\/05_Einwilligung-Veroeffentlichung-Personenbildnissen2018.pdf\" target=\"_blank\" rel=\"noreferrer noopener\">Einwilligung in die Ver\u00f6ffentlichung von Personenbildnissen<\/a><\/p>\n\n\n\n<p><a href=\"http:\/\/judoteam-erolzheim.de\/wp-content\/uploads\/2022\/03\/06_Einwilligungserklaerung-Veroeffentlichung-Internet-2018.pdf\" data-type=\"URL\" data-id=\"http:\/\/judoteam-erolzheim.de\/wp-content\/uploads\/2022\/03\/06_Einwilligungserklaerung-Veroeffentlichung-Internet-2018.pdf\" target=\"_blank\" rel=\"noreferrer noopener\">Einwilligungserkl\u00e4rung f\u00fcr die Ver\u00f6ffentlichung von<br>Mitgliederdaten im Internet<\/a><\/p>\n\n\n\n<p><a href=\"http:\/\/judoteam-erolzheim.de\/wp-content\/uploads\/2022\/03\/02_Beitragsordnung-Judo-2021.pdf\" data-type=\"URL\" data-id=\"http:\/\/judoteam-erolzheim.de\/wp-content\/uploads\/2022\/03\/02_Beitragsordnung-Judo-2021.pdf\" target=\"_blank\" rel=\"noreferrer noopener\">Beitragsordnung Abt. Judo<\/a><\/p>\n\n\n\n<p><a href=\"http:\/\/judoteam-erolzheim.de\/wp-content\/uploads\/2022\/03\/01_Beitragsordnung-SVE-2021.pdf\" data-type=\"URL\" data-id=\"http:\/\/judoteam-erolzheim.de\/wp-content\/uploads\/2022\/03\/01_Beitragsordnung-SVE-2021.pdf\" target=\"_blank\" rel=\"noreferrer noopener\">Beitragsordnung SV Erolzheim<\/a><\/p>\n","protected":false},"excerpt":{"rendered":"<p>Beitrittserkl\u00e4rung Abt. Judo Beitrittserkl\u00e4rung SV Erolzheim Einwilligung in die Ver\u00f6ffentlichung von Personenbildnissen Einwilligungserkl\u00e4rung f\u00fcr die Ver\u00f6ffentlichung vonMitgliederdaten im Internet Beitragsordnung<\/p>\n","protected":false},"author":1,"featured_media":0,"parent":0,"menu_order":0,"comment_status":"closed","ping_status":"closed","template":"","meta":{"footnotes":""},"class_list":["post-20","page","type-page","status-publish","hentry"],"_links":{"self":[{"href":"http:\/\/judoteam-erolzheim.de\/index.php\/wp-json\/wp\/v2\/pages\/20","targetHints":{"allow":["GET"]}}],"collection":[{"href":"http:\/\/judoteam-erolzheim.de\/index.php\/wp-json\/wp\/v2\/pages"}],"about":[{"href":"http:\/\/judoteam-erolzheim.de\/index.php\/wp-json\/wp\/v2\/types\/page"}],"author":[{"embeddable":true,"href":"http:\/\/judoteam-erolzheim.de\/index.php\/wp-json\/wp\/v2\/users\/1"}],"replies":[{"embeddable":true,"href":"http:\/\/judoteam-erolzheim.de\/index.php\/wp-json\/wp\/v2\/comments?post=20"}],"version-history":[{"count":3,"href":"http:\/\/judoteam-erolzheim.de\/index.php\/wp-json\/wp\/v2\/pages\/20\/revisions"}],"predecessor-version":[{"id":55,"href":"http:\/\/judoteam-erolzheim.de\/index.php\/wp-json\/wp\/v2\/pages\/20\/revisions\/55"}],"wp:attachment":[{"href":"http:\/\/judoteam-erolzheim.de\/index.php\/wp-json\/wp\/v2\/media?parent=20"}],"curies":[{"name":"wp","href":"https:\/\/api.w.org\/{rel}","templated":true}]}}