{"id":9,"date":"2022-03-26T17:13:49","date_gmt":"2022-03-26T16:13:49","guid":{"rendered":"http:\/\/192.168.178.55\/?page_id=9"},"modified":"2022-03-26T17:13:49","modified_gmt":"2022-03-26T16:13:49","slug":"die-judowerte","status":"publish","type":"page","link":"http:\/\/judoteam-erolzheim.de\/index.php\/die-judowerte\/","title":{"rendered":"Die Judowerte"},"content":{"rendered":"\n<p class=\"has-drop-cap\">Der Deutsche Judo-Bund hat insgesamt 10 Werte herausgestellt, die durch Judo in besonderer Weise vermittelt werden k\u00f6nnen. <\/p>\n\n\n\n<figure class=\"wp-block-image\"><img decoding=\"async\" src=\"https:\/\/www.judobund.de\/fileadmin\/_processed_\/d\/3\/csm_470-Hoeflichkeit_3ea97426f9.jpg\" alt=\"\" title=\"\"\/><\/figure>\n\n\n\n<p><strong>H\u00f6flichkeit:<\/strong><\/p>\n\n\n\n<p>Behandle deine Trainingspartner und Wettkampfgegner wie Freunde. Zeige deinen Respekt gegen\u00fcber jedem Judo-\u00dcbenden durch eine ordentliche Verbeugung.<\/p>\n\n\n\n<figure class=\"wp-block-image\"><img decoding=\"async\" src=\"https:\/\/www.judobund.de\/fileadmin\/_processed_\/3\/a\/csm_469-Hilfsbereitschaft_08690057f8.jpg\" alt=\"\" title=\"\"\/><\/figure>\n\n\n\n<p><strong>Hilfsbereitschaft:<\/strong><\/p>\n\n\n\n<p>Hilf deinem Partner, die Techniken korrekt zu erlernen. Sei ein guter Uke. Unterst\u00fctze als H\u00f6her-Graduierter\/Trainings\u00e4lterer die Anf\u00e4nger. Hilf den Neuen, sich in der Gruppe zurecht zu finden.<\/p>\n\n\n\n<hr class=\"wp-block-separator\"\/>\n\n\n\n<figure class=\"wp-block-image\"><img decoding=\"async\" src=\"https:\/\/www.judobund.de\/fileadmin\/_processed_\/7\/b\/csm_466-Ehrlichkeit_af551e7d15.jpg\" alt=\"\" title=\"\"\/><\/figure>\n\n\n\n<p><strong>Ehrlichkeit<\/strong><\/p>\n\n\n\n<p>K\u00e4mpfe fair, ohne unsportliche Handlungen und ohne Hintergedanken.<\/p>\n\n\n\n<hr class=\"wp-block-separator\"\/>\n\n\n\n<figure class=\"wp-block-image\"><img decoding=\"async\" src=\"https:\/\/www.judobund.de\/fileadmin\/_processed_\/f\/3\/csm_467-Ernsthaftigkeit_3ac1b75f9c.jpg\" alt=\"\" title=\"\"\/><\/figure>\n\n\n\n<p><strong>Ernsthaftigkeit<\/strong><\/p>\n\n\n\n<p>Sei bei allen \u00dcbungen und im Wettkampf konzentriert und voll bei der Sache. Entwickle eine positive Trainingseinstellung und \u00fcbe flei\u00dfig.<\/p>\n\n\n\n<hr class=\"wp-block-separator\"\/>\n\n\n\n<figure class=\"wp-block-image\"><img decoding=\"async\" src=\"https:\/\/www.judobund.de\/fileadmin\/_processed_\/4\/f\/csm_472-Respekt_67fe721378.jpg\" alt=\"\" title=\"\"\/><\/figure>\n\n\n\n<p><strong>Respekt<\/strong><\/p>\n\n\n\n<p>Begegne deinem Lehrer\/deiner Lehrerin und den Trainings\u00e4lteren zuvorkommend. Erkenne die Leistungen derjenigen an, die schon vor Deiner Zeit Judo betrieben haben.<\/p>\n\n\n\n<hr class=\"wp-block-separator\"\/>\n\n\n\n<figure class=\"wp-block-image\"><img decoding=\"async\" src=\"https:\/\/www.judobund.de\/fileadmin\/_processed_\/b\/4\/csm_465-Bescheidenheit_40138eaed4.jpg\" alt=\"\" title=\"\"\/><\/figure>\n\n\n\n<p><strong>Bescheidenheit<\/strong><\/p>\n\n\n\n<p>Spiele dich selbst nicht in den Vordergrund. Sprich \u00fcber deinen Erfolg nicht mit \u00dcbertreibung. Orientiere dich an den Besseren und nicht an denen, deren Leistungsstand du bereits erreicht hast.<\/p>\n\n\n\n<hr class=\"wp-block-separator\"\/>\n\n\n\n<figure class=\"wp-block-image\"><img decoding=\"async\" src=\"https:\/\/www.judobund.de\/fileadmin\/_processed_\/7\/d\/csm_474-Wertschaetzung_ffe6560354.jpg\" alt=\"\" title=\"\"\/><\/figure>\n\n\n\n<p><strong>Wertsch\u00e4tzung<\/strong><\/p>\n\n\n\n<p>Erkenne die Leistung jedes Anderen an, wenn dieser sich nach seinen M\u00f6glichkeiten ernsthaft anstrengt.<\/p>\n\n\n\n<hr class=\"wp-block-separator\"\/>\n\n\n\n<figure class=\"wp-block-image\"><img decoding=\"async\" src=\"https:\/\/www.judobund.de\/fileadmin\/_processed_\/5\/b\/csm_471-Mut_9cb4152473.jpg\" alt=\"\" title=\"\"\/><\/figure>\n\n\n\n<p><strong>Mut<\/strong><\/p>\n\n\n\n<p>Nimm im Randori und Wettkampf dein Herz in die Hand. Gib dich niemals auf, auch nicht bei einer drohenden Niederlage oder bei einem scheinbar \u00fcberm\u00e4chtigen Gegner.<\/p>\n\n\n\n<hr class=\"wp-block-separator\"\/>\n\n\n\n<figure class=\"wp-block-image\"><img decoding=\"async\" src=\"https:\/\/www.judobund.de\/fileadmin\/_processed_\/2\/d\/csm_473-Selbstbeherrschung_a7969c25bd.jpg\" alt=\"\" title=\"\"\/><\/figure>\n\n\n\n<p><strong>Selbstbeherrschung<\/strong><\/p>\n\n\n\n<p>Achte auf P\u00fcnktlichkeit und Disziplin bei Training und Wettkampf. Verliere auf der Matte nie die Beherrschung, auch nicht bei Situationen, die du als unfair empfindest.<\/p>\n\n\n\n<hr class=\"wp-block-separator\"\/>\n\n\n\n<figure class=\"wp-block-image\"><img decoding=\"async\" src=\"https:\/\/www.judobund.de\/fileadmin\/_processed_\/a\/2\/csm_468-Freundschaft_284c2b12f7.jpg\" alt=\"\" title=\"\"\/><\/figure>\n\n\n\n<p><strong>Freundschaft<\/strong><\/p>\n\n\n\n<p>Achte all diese Werte und alle Menschen. Dann wirst du beim Judo unweigerlich Freunde finden.<\/p>\n","protected":false},"excerpt":{"rendered":"<p>Der Deutsche Judo-Bund hat insgesamt 10 Werte herausgestellt, die durch Judo in besonderer Weise vermittelt werden k\u00f6nnen. H\u00f6flichkeit: Behandle deine<\/p>\n","protected":false},"author":1,"featured_media":0,"parent":0,"menu_order":0,"comment_status":"closed","ping_status":"closed","template":"","meta":{"footnotes":""},"class_list":["post-9","page","type-page","status-publish","hentry"],"_links":{"self":[{"href":"http:\/\/judoteam-erolzheim.de\/index.php\/wp-json\/wp\/v2\/pages\/9","targetHints":{"allow":["GET"]}}],"collection":[{"href":"http:\/\/judoteam-erolzheim.de\/index.php\/wp-json\/wp\/v2\/pages"}],"about":[{"href":"http:\/\/judoteam-erolzheim.de\/index.php\/wp-json\/wp\/v2\/types\/page"}],"author":[{"embeddable":true,"href":"http:\/\/judoteam-erolzheim.de\/index.php\/wp-json\/wp\/v2\/users\/1"}],"replies":[{"embeddable":true,"href":"http:\/\/judoteam-erolzheim.de\/index.php\/wp-json\/wp\/v2\/comments?post=9"}],"version-history":[{"count":2,"href":"http:\/\/judoteam-erolzheim.de\/index.php\/wp-json\/wp\/v2\/pages\/9\/revisions"}],"predecessor-version":[{"id":35,"href":"http:\/\/judoteam-erolzheim.de\/index.php\/wp-json\/wp\/v2\/pages\/9\/revisions\/35"}],"wp:attachment":[{"href":"http:\/\/judoteam-erolzheim.de\/index.php\/wp-json\/wp\/v2\/media?parent=9"}],"curies":[{"name":"wp","href":"https:\/\/api.w.org\/{rel}","templated":true}]}}